{"id":258,"date":"2023-03-01T14:54:53","date_gmt":"2023-03-01T14:54:53","guid":{"rendered":"http:\/\/3clinkgroup.com\/portugues\/soluciones-copy\/"},"modified":"2023-06-22T15:09:06","modified_gmt":"2023-06-22T15:09:06","slug":"solucoes","status":"publish","type":"page","link":"http:\/\/3clinkgroup.com\/portugues\/solucoes\/","title":{"rendered":"Solu\u00e7\u00f5es"},"content":{"rendered":"\t\t<div data-elementor-type=\"wp-page\" data-elementor-id=\"258\" class=\"elementor elementor-258\">\n\t\t\t\t\t\t<section class=\"elementor-section elementor-top-section elementor-element elementor-element-9d41a2c elementor-section-boxed elementor-section-height-default elementor-section-height-default\" data-id=\"9d41a2c\" data-element_type=\"section\" data-e-type=\"section\" data-settings=\"{&quot;background_background&quot;:&quot;classic&quot;}\">\n\t\t\t\t\t\t\t<div class=\"elementor-background-overlay\"><\/div>\n\t\t\t\t\t\t\t<div class=\"elementor-container elementor-column-gap-default\">\n\t\t\t\t\t<div class=\"elementor-column elementor-col-100 elementor-top-column elementor-element elementor-element-5b8cc76\" data-id=\"5b8cc76\" data-element_type=\"column\" data-e-type=\"column\">\n\t\t\t<div class=\"elementor-widget-wrap elementor-element-populated\">\n\t\t\t\t\t\t<div class=\"elementor-element elementor-element-397625f elementor-widget elementor-widget-heading\" data-id=\"397625f\" data-element_type=\"widget\" data-e-type=\"widget\" data-widget_type=\"heading.default\">\n\t\t\t\t<div class=\"elementor-widget-container\">\n\t\t\t\t\t<h2 class=\"elementor-heading-title elementor-size-default\">Sales &amp; Operations Planning<\/h2>\t\t\t\t<\/div>\n\t\t\t\t<\/div>\n\t\t\t\t\t<\/div>\n\t\t<\/div>\n\t\t\t\t\t<\/div>\n\t\t<\/section>\n\t\t\t\t<section class=\"elementor-section elementor-top-section elementor-element elementor-element-fb79ddb elementor-section-boxed elementor-section-height-default elementor-section-height-default\" data-id=\"fb79ddb\" data-element_type=\"section\" data-e-type=\"section\">\n\t\t\t\t\t\t<div class=\"elementor-container elementor-column-gap-default\">\n\t\t\t\t\t<div class=\"elementor-column elementor-col-100 elementor-top-column elementor-element elementor-element-bbcae0b\" data-id=\"bbcae0b\" data-element_type=\"column\" data-e-type=\"column\">\n\t\t\t<div class=\"elementor-widget-wrap elementor-element-populated\">\n\t\t\t\t\t\t<div class=\"elementor-element elementor-element-a40a47c elementor-widget elementor-widget-heading\" data-id=\"a40a47c\" data-element_type=\"widget\" data-e-type=\"widget\" data-widget_type=\"heading.default\">\n\t\t\t\t<div class=\"elementor-widget-container\">\n\t\t\t\t\t<h2 class=\"elementor-heading-title elementor-size-default\">Previs\u00e3o de Demanda \u2013\nPlanejamento de Suprimentos<\/h2>\t\t\t\t<\/div>\n\t\t\t\t<\/div>\n\t\t\t\t<div class=\"elementor-element elementor-element-8c0ef99 elementor-widget elementor-widget-text-editor\" data-id=\"8c0ef99\" data-element_type=\"widget\" data-e-type=\"widget\" data-widget_type=\"text-editor.default\">\n\t\t\t\t<div class=\"elementor-widget-container\">\n\t\t\t\t\t\t\t\t\t<p>Ferramenta colaborativa para direcionar os processos de planejamento das empresas (Sales &amp; Operations Planning).<br \/>Previs\u00e3o de demanda. Planejamento de Estoque. Defini\u00e7\u00e3o de compras e\/ou planos de produ\u00e7\u00e3o<\/p>\t\t\t\t\t\t\t\t<\/div>\n\t\t\t\t<\/div>\n\t\t\t\t\t<\/div>\n\t\t<\/div>\n\t\t\t\t\t<\/div>\n\t\t<\/section>\n\t\t\t\t<section class=\"elementor-section elementor-top-section elementor-element elementor-element-953eaf5 elementor-section-boxed elementor-section-height-default elementor-section-height-default\" data-id=\"953eaf5\" data-element_type=\"section\" data-e-type=\"section\">\n\t\t\t\t\t\t<div class=\"elementor-container elementor-column-gap-default\">\n\t\t\t\t\t<div class=\"elementor-column elementor-col-100 elementor-top-column elementor-element elementor-element-2ed1ed8\" data-id=\"2ed1ed8\" data-element_type=\"column\" data-e-type=\"column\">\n\t\t\t<div class=\"elementor-widget-wrap elementor-element-populated\">\n\t\t\t\t\t\t<div class=\"elementor-element elementor-element-320c85c elementor-widget elementor-widget-image\" data-id=\"320c85c\" data-element_type=\"widget\" data-e-type=\"widget\" data-widget_type=\"image.default\">\n\t\t\t\t<div class=\"elementor-widget-container\">\n\t\t\t\t\t\t\t\t\t\t\t\t\t\t\t<img fetchpriority=\"high\" decoding=\"async\" width=\"1133\" height=\"503\" src=\"http:\/\/3clinkgroup.com\/portugues\/wp-content\/uploads\/2023\/04\/Sin-titul1o-2.jpg\" class=\"attachment-full size-full wp-image-323\" alt=\"\" srcset=\"http:\/\/3clinkgroup.com\/portugues\/wp-content\/uploads\/2023\/04\/Sin-titul1o-2.jpg 1133w, http:\/\/3clinkgroup.com\/portugues\/wp-content\/uploads\/2023\/04\/Sin-titul1o-2-300x133.jpg 300w, http:\/\/3clinkgroup.com\/portugues\/wp-content\/uploads\/2023\/04\/Sin-titul1o-2-1024x455.jpg 1024w, http:\/\/3clinkgroup.com\/portugues\/wp-content\/uploads\/2023\/04\/Sin-titul1o-2-768x341.jpg 768w\" sizes=\"(max-width: 1133px) 100vw, 1133px\" \/>\t\t\t\t\t\t\t\t\t\t\t\t\t\t\t<\/div>\n\t\t\t\t<\/div>\n\t\t\t\t\t<\/div>\n\t\t<\/div>\n\t\t\t\t\t<\/div>\n\t\t<\/section>\n\t\t\t\t<section class=\"elementor-section elementor-top-section elementor-element elementor-element-0d2d63b elementor-section-boxed elementor-section-height-default elementor-section-height-default\" data-id=\"0d2d63b\" data-element_type=\"section\" data-e-type=\"section\" data-settings=\"{&quot;background_background&quot;:&quot;classic&quot;}\">\n\t\t\t\t\t\t<div class=\"elementor-container elementor-column-gap-default\">\n\t\t\t\t\t<div class=\"elementor-column elementor-col-100 elementor-top-column elementor-element elementor-element-9d718be\" data-id=\"9d718be\" data-element_type=\"column\" data-e-type=\"column\">\n\t\t\t<div class=\"elementor-widget-wrap elementor-element-populated\">\n\t\t\t\t\t\t<div class=\"elementor-element elementor-element-55d51f8 elementor-widget elementor-widget-heading\" data-id=\"55d51f8\" data-element_type=\"widget\" data-e-type=\"widget\" data-widget_type=\"heading.default\">\n\t\t\t\t<div class=\"elementor-widget-container\">\n\t\t\t\t\t<h2 class=\"elementor-heading-title elementor-size-default\">Supply Chain Digitization<\/h2>\t\t\t\t<\/div>\n\t\t\t\t<\/div>\n\t\t\t\t\t<\/div>\n\t\t<\/div>\n\t\t\t\t\t<\/div>\n\t\t<\/section>\n\t\t\t\t<section class=\"elementor-section elementor-top-section elementor-element elementor-element-95adcbc elementor-section-boxed elementor-section-height-default elementor-section-height-default\" data-id=\"95adcbc\" data-element_type=\"section\" data-e-type=\"section\">\n\t\t\t\t\t\t<div class=\"elementor-container elementor-column-gap-default\">\n\t\t\t\t\t<div class=\"elementor-column elementor-col-50 elementor-top-column elementor-element elementor-element-30db8a9\" data-id=\"30db8a9\" data-element_type=\"column\" data-e-type=\"column\">\n\t\t\t<div class=\"elementor-widget-wrap elementor-element-populated\">\n\t\t\t\t\t\t<div class=\"elementor-element elementor-element-c52872c elementor-widget elementor-widget-heading\" data-id=\"c52872c\" data-element_type=\"widget\" data-e-type=\"widget\" data-widget_type=\"heading.default\">\n\t\t\t\t<div class=\"elementor-widget-container\">\n\t\t\t\t\t<h2 class=\"elementor-heading-title elementor-size-default\">Com\u00e9rcio Exterior<\/h2>\t\t\t\t<\/div>\n\t\t\t\t<\/div>\n\t\t\t\t<div class=\"elementor-element elementor-element-6853493 elementor-widget elementor-widget-text-editor\" data-id=\"6853493\" data-element_type=\"widget\" data-e-type=\"widget\" data-widget_type=\"text-editor.default\">\n\t\t\t\t<div class=\"elementor-widget-container\">\n\t\t\t\t\t\t\t\t\t<p>Plataforma digital de Rastreabilidade, Visibilidade, Seguran\u00e7a e Colabora\u00e7\u00e3o para opera\u00e7\u00f5es de Importa\u00e7\u00e3o e Exporta\u00e7\u00e3o.<br \/>Tecnologia na Nuvem, IoT e Blockchain.<\/p>\t\t\t\t\t\t\t\t<\/div>\n\t\t\t\t<\/div>\n\t\t\t\t\t<\/div>\n\t\t<\/div>\n\t\t\t\t<div class=\"elementor-column elementor-col-50 elementor-top-column elementor-element elementor-element-08b6f0a\" data-id=\"08b6f0a\" data-element_type=\"column\" data-e-type=\"column\">\n\t\t\t<div class=\"elementor-widget-wrap elementor-element-populated\">\n\t\t\t\t\t\t<div class=\"elementor-element elementor-element-e8e2d3a elementor-widget elementor-widget-heading\" data-id=\"e8e2d3a\" data-element_type=\"widget\" data-e-type=\"widget\" data-widget_type=\"heading.default\">\n\t\t\t\t<div class=\"elementor-widget-container\">\n\t\t\t\t\t<h2 class=\"elementor-heading-title elementor-size-default\">Log\u00edstica Nacional<\/h2>\t\t\t\t<\/div>\n\t\t\t\t<\/div>\n\t\t\t\t<div class=\"elementor-element elementor-element-c3ec204 elementor-widget elementor-widget-text-editor\" data-id=\"c3ec204\" data-element_type=\"widget\" data-e-type=\"widget\" data-widget_type=\"text-editor.default\">\n\t\t\t\t<div class=\"elementor-widget-container\">\n\t\t\t\t\t\t\t\t\t<p>Tecnologia aplicada \u00e0 gest\u00e3o estrat\u00e9gica e operacional para o setor log\u00edstico. Captura de dados relevantes para a tomada de decis\u00e3o. Informa\u00e7\u00e3o em tempo real para todos os atores da cadeia.<\/p>\t\t\t\t\t\t\t\t<\/div>\n\t\t\t\t<\/div>\n\t\t\t\t\t<\/div>\n\t\t<\/div>\n\t\t\t\t\t<\/div>\n\t\t<\/section>\n\t\t\t\t<section class=\"elementor-section elementor-top-section elementor-element elementor-element-8f581ac elementor-section-boxed elementor-section-height-default elementor-section-height-default\" data-id=\"8f581ac\" data-element_type=\"section\" data-e-type=\"section\">\n\t\t\t\t\t\t<div class=\"elementor-container elementor-column-gap-default\">\n\t\t\t\t\t<div class=\"elementor-column elementor-col-100 elementor-top-column elementor-element elementor-element-4af4ec3\" data-id=\"4af4ec3\" data-element_type=\"column\" data-e-type=\"column\">\n\t\t\t<div class=\"elementor-widget-wrap elementor-element-populated\">\n\t\t\t\t\t\t<div class=\"elementor-element elementor-element-c0df750 elementor-widget elementor-widget-image\" data-id=\"c0df750\" data-element_type=\"widget\" data-e-type=\"widget\" data-widget_type=\"image.default\">\n\t\t\t\t<div class=\"elementor-widget-container\">\n\t\t\t\t\t\t\t\t\t\t\t\t\t\t\t<img decoding=\"async\" width=\"1474\" height=\"430\" src=\"http:\/\/3clinkgroup.com\/portugues\/wp-content\/uploads\/2023\/06\/rukas-wpp1687447525890.png\" class=\"attachment-full size-full wp-image-638\" alt=\"\" srcset=\"http:\/\/3clinkgroup.com\/portugues\/wp-content\/uploads\/2023\/06\/rukas-wpp1687447525890.png 1474w, http:\/\/3clinkgroup.com\/portugues\/wp-content\/uploads\/2023\/06\/rukas-wpp1687447525890-300x88.png 300w, http:\/\/3clinkgroup.com\/portugues\/wp-content\/uploads\/2023\/06\/rukas-wpp1687447525890-1024x299.png 1024w, http:\/\/3clinkgroup.com\/portugues\/wp-content\/uploads\/2023\/06\/rukas-wpp1687447525890-768x224.png 768w\" sizes=\"(max-width: 1474px) 100vw, 1474px\" \/>\t\t\t\t\t\t\t\t\t\t\t\t\t\t\t<\/div>\n\t\t\t\t<\/div>\n\t\t\t\t\t<\/div>\n\t\t<\/div>\n\t\t\t\t\t<\/div>\n\t\t<\/section>\n\t\t\t\t<section class=\"elementor-section elementor-top-section elementor-element elementor-element-78d5665 elementor-section-boxed elementor-section-height-default elementor-section-height-default\" data-id=\"78d5665\" data-element_type=\"section\" data-e-type=\"section\">\n\t\t\t\t\t\t<div class=\"elementor-container elementor-column-gap-default\">\n\t\t\t\t\t<div class=\"elementor-column elementor-col-100 elementor-top-column elementor-element elementor-element-edeb21d\" data-id=\"edeb21d\" data-element_type=\"column\" data-e-type=\"column\">\n\t\t\t<div class=\"elementor-widget-wrap elementor-element-populated\">\n\t\t\t\t\t\t<div class=\"elementor-element elementor-element-3d27b1d elementor-widget elementor-widget-text-editor\" data-id=\"3d27b1d\" data-element_type=\"widget\" data-e-type=\"widget\" data-widget_type=\"text-editor.default\">\n\t\t\t\t<div class=\"elementor-widget-container\">\n\t\t\t\t\t\t\t\t\t<p>Rastreabilidade e Visibilidade Ponta a Ponta (Torre de Controle) &#8211; Digitaliza\u00e7\u00e3o de Documenta\u00e7\u00e3o &#8211; Integra\u00e7\u00e3o e Colabora\u00e7\u00e3o &#8211; Cumprimento das normas e legisla\u00e7\u00f5es vigentes &#8211; Redu\u00e7\u00e3o de atrasos, multas e penalidades<\/p>\t\t\t\t\t\t\t\t<\/div>\n\t\t\t\t<\/div>\n\t\t\t\t\t<\/div>\n\t\t<\/div>\n\t\t\t\t\t<\/div>\n\t\t<\/section>\n\t\t\t\t<section class=\"elementor-section elementor-top-section elementor-element elementor-element-57aa22e elementor-section-boxed elementor-section-height-default elementor-section-height-default\" data-id=\"57aa22e\" data-element_type=\"section\" data-e-type=\"section\" data-settings=\"{&quot;background_background&quot;:&quot;classic&quot;}\">\n\t\t\t\t\t\t\t<div class=\"elementor-background-overlay\"><\/div>\n\t\t\t\t\t\t\t<div class=\"elementor-container elementor-column-gap-default\">\n\t\t\t\t\t<div class=\"elementor-column elementor-col-100 elementor-top-column elementor-element elementor-element-f63b713\" data-id=\"f63b713\" data-element_type=\"column\" data-e-type=\"column\">\n\t\t\t<div class=\"elementor-widget-wrap elementor-element-populated\">\n\t\t\t\t\t\t<div class=\"elementor-element elementor-element-fad26ab elementor-widget elementor-widget-heading\" data-id=\"fad26ab\" data-element_type=\"widget\" data-e-type=\"widget\" data-widget_type=\"heading.default\">\n\t\t\t\t<div class=\"elementor-widget-container\">\n\t\t\t\t\t<h2 class=\"elementor-heading-title elementor-size-default\">Data Analytics \u2013 Relat\u00f3rios e Pain\u00e9is<\/h2>\t\t\t\t<\/div>\n\t\t\t\t<\/div>\n\t\t\t\t\t<\/div>\n\t\t<\/div>\n\t\t\t\t\t<\/div>\n\t\t<\/section>\n\t\t\t\t<section class=\"elementor-section elementor-top-section elementor-element elementor-element-790cccb elementor-section-boxed elementor-section-height-default elementor-section-height-default\" data-id=\"790cccb\" data-element_type=\"section\" data-e-type=\"section\">\n\t\t\t\t\t\t<div class=\"elementor-container elementor-column-gap-default\">\n\t\t\t\t\t<div class=\"elementor-column elementor-col-50 elementor-top-column elementor-element elementor-element-97668d4\" data-id=\"97668d4\" data-element_type=\"column\" data-e-type=\"column\">\n\t\t\t<div class=\"elementor-widget-wrap elementor-element-populated\">\n\t\t\t\t\t\t<div class=\"elementor-element elementor-element-70d41d3 elementor-widget elementor-widget-heading\" data-id=\"70d41d3\" data-element_type=\"widget\" data-e-type=\"widget\" data-widget_type=\"heading.default\">\n\t\t\t\t<div class=\"elementor-widget-container\">\n\t\t\t\t\t<h2 class=\"elementor-heading-title elementor-size-default\">Business Intelligence - Sistemas\nde Gest\u00e3o por Indicadores<\/h2>\t\t\t\t<\/div>\n\t\t\t\t<\/div>\n\t\t\t\t<div class=\"elementor-element elementor-element-6935cb1 elementor-widget elementor-widget-text-editor\" data-id=\"6935cb1\" data-element_type=\"widget\" data-e-type=\"widget\" data-widget_type=\"text-editor.default\">\n\t\t\t\t<div class=\"elementor-widget-container\">\n\t\t\t\t\t\t\t\t\t<p>Ferramenta de ci\u00eancia de dados e an\u00e1lise de neg\u00f3cios.<br \/>Desenvolvimento e implementa\u00e7\u00e3o de Dashboards para medir os principais indicadores de Neg\u00f3cios, Opera\u00e7\u00f5es e N\u00edvel de Servi\u00e7o para Gest\u00e3o Di\u00e1ria e Planejamento Estrat\u00e9gico.<\/p>\t\t\t\t\t\t\t\t<\/div>\n\t\t\t\t<\/div>\n\t\t\t\t\t<\/div>\n\t\t<\/div>\n\t\t\t\t<div class=\"elementor-column elementor-col-50 elementor-top-column elementor-element elementor-element-28c5526\" data-id=\"28c5526\" data-element_type=\"column\" data-e-type=\"column\">\n\t\t\t<div class=\"elementor-widget-wrap elementor-element-populated\">\n\t\t\t\t\t\t<div class=\"elementor-element elementor-element-4276fb8 elementor-widget elementor-widget-image\" data-id=\"4276fb8\" data-element_type=\"widget\" data-e-type=\"widget\" data-widget_type=\"image.default\">\n\t\t\t\t<div class=\"elementor-widget-container\">\n\t\t\t\t\t\t\t\t\t\t\t\t\t\t\t<img decoding=\"async\" width=\"451\" height=\"240\" src=\"http:\/\/3clinkgroup.com\/portugues\/wp-content\/uploads\/2023\/04\/Captura-de-pantalla-2023-04-13-171228-e1681416943558.png\" class=\"attachment-large size-large wp-image-354\" alt=\"\" srcset=\"http:\/\/3clinkgroup.com\/portugues\/wp-content\/uploads\/2023\/04\/Captura-de-pantalla-2023-04-13-171228-e1681416943558.png 451w, http:\/\/3clinkgroup.com\/portugues\/wp-content\/uploads\/2023\/04\/Captura-de-pantalla-2023-04-13-171228-e1681416943558-300x160.png 300w\" sizes=\"(max-width: 451px) 100vw, 451px\" \/>\t\t\t\t\t\t\t\t\t\t\t\t\t\t\t<\/div>\n\t\t\t\t<\/div>\n\t\t\t\t\t<\/div>\n\t\t<\/div>\n\t\t\t\t\t<\/div>\n\t\t<\/section>\n\t\t\t\t<section class=\"elementor-section elementor-top-section elementor-element elementor-element-4a1ea45 elementor-section-boxed elementor-section-height-default elementor-section-height-default\" data-id=\"4a1ea45\" data-element_type=\"section\" data-e-type=\"section\">\n\t\t\t\t\t\t<div class=\"elementor-container elementor-column-gap-default\">\n\t\t\t\t\t<div class=\"elementor-column elementor-col-100 elementor-top-column elementor-element elementor-element-fb65868\" data-id=\"fb65868\" data-element_type=\"column\" data-e-type=\"column\">\n\t\t\t<div class=\"elementor-widget-wrap elementor-element-populated\">\n\t\t\t\t\t\t<div class=\"elementor-element elementor-element-e71672a elementor-widget elementor-widget-image\" data-id=\"e71672a\" data-element_type=\"widget\" data-e-type=\"widget\" data-widget_type=\"image.default\">\n\t\t\t\t<div class=\"elementor-widget-container\">\n\t\t\t\t\t\t\t\t\t\t\t\t\t\t\t<img loading=\"lazy\" decoding=\"async\" width=\"1071\" height=\"348\" src=\"http:\/\/3clinkgroup.com\/portugues\/wp-content\/uploads\/2023\/04\/Captura-de-pantalla-2023-04-13-171239.png\" class=\"attachment-full size-full wp-image-355\" alt=\"\" srcset=\"http:\/\/3clinkgroup.com\/portugues\/wp-content\/uploads\/2023\/04\/Captura-de-pantalla-2023-04-13-171239.png 1071w, http:\/\/3clinkgroup.com\/portugues\/wp-content\/uploads\/2023\/04\/Captura-de-pantalla-2023-04-13-171239-300x97.png 300w, http:\/\/3clinkgroup.com\/portugues\/wp-content\/uploads\/2023\/04\/Captura-de-pantalla-2023-04-13-171239-1024x333.png 1024w, http:\/\/3clinkgroup.com\/portugues\/wp-content\/uploads\/2023\/04\/Captura-de-pantalla-2023-04-13-171239-768x250.png 768w\" sizes=\"(max-width: 1071px) 100vw, 1071px\" \/>\t\t\t\t\t\t\t\t\t\t\t\t\t\t\t<\/div>\n\t\t\t\t<\/div>\n\t\t\t\t\t<\/div>\n\t\t<\/div>\n\t\t\t\t\t<\/div>\n\t\t<\/section>\n\t\t\t\t<section class=\"elementor-section elementor-top-section elementor-element elementor-element-981b957 elementor-section-boxed elementor-section-height-default elementor-section-height-default\" data-id=\"981b957\" data-element_type=\"section\" data-e-type=\"section\" data-settings=\"{&quot;background_background&quot;:&quot;classic&quot;}\">\n\t\t\t\t\t\t\t<div class=\"elementor-background-overlay\"><\/div>\n\t\t\t\t\t\t\t<div class=\"elementor-container elementor-column-gap-default\">\n\t\t\t\t\t<div class=\"elementor-column elementor-col-100 elementor-top-column elementor-element elementor-element-5c56a4f\" data-id=\"5c56a4f\" data-element_type=\"column\" data-e-type=\"column\">\n\t\t\t<div class=\"elementor-widget-wrap elementor-element-populated\">\n\t\t\t\t\t\t<div class=\"elementor-element elementor-element-88b3b09 elementor-widget elementor-widget-heading\" data-id=\"88b3b09\" data-element_type=\"widget\" data-e-type=\"widget\" data-widget_type=\"heading.default\">\n\t\t\t\t<div class=\"elementor-widget-container\">\n\t\t\t\t\t<h2 class=\"elementor-heading-title elementor-size-default\">Constru\u00e7\u00e3o | Infraestrutura | Tecnologia<\/h2>\t\t\t\t<\/div>\n\t\t\t\t<\/div>\n\t\t\t\t\t<\/div>\n\t\t<\/div>\n\t\t\t\t\t<\/div>\n\t\t<\/section>\n\t\t\t\t<section class=\"elementor-section elementor-top-section elementor-element elementor-element-a713154 elementor-section-boxed elementor-section-height-default elementor-section-height-default\" data-id=\"a713154\" data-element_type=\"section\" data-e-type=\"section\">\n\t\t\t\t\t\t<div class=\"elementor-container elementor-column-gap-default\">\n\t\t\t\t\t<div class=\"elementor-column elementor-col-50 elementor-top-column elementor-element elementor-element-1be7013\" data-id=\"1be7013\" data-element_type=\"column\" data-e-type=\"column\">\n\t\t\t<div class=\"elementor-widget-wrap elementor-element-populated\">\n\t\t\t\t\t\t<div class=\"elementor-element elementor-element-ffecee8 elementor-widget elementor-widget-heading\" data-id=\"ffecee8\" data-element_type=\"widget\" data-e-type=\"widget\" data-widget_type=\"heading.default\">\n\t\t\t\t<div class=\"elementor-widget-container\">\n\t\t\t\t\t<h2 class=\"elementor-heading-title elementor-size-default\">Constru\u00e7\u00e3o e Infraestrutura<\/h2>\t\t\t\t<\/div>\n\t\t\t\t<\/div>\n\t\t\t\t<div class=\"elementor-element elementor-element-2dc48f9 elementor-widget elementor-widget-text-editor\" data-id=\"2dc48f9\" data-element_type=\"widget\" data-e-type=\"widget\" data-widget_type=\"text-editor.default\">\n\t\t\t\t<div class=\"elementor-widget-container\">\n\t\t\t\t\t\t\t\t\t<p>Projeto e Constru\u00e7\u00e3o \/ Adapta\u00e7\u00e3o de plantas industriais ou centros log\u00edsticos Projetos Greenfield \/ Built To Suit.<br \/>Projeto, Or\u00e7amento, Constru\u00e7\u00e3o e Gerenciamento do Site.<\/p>\t\t\t\t\t\t\t\t<\/div>\n\t\t\t\t<\/div>\n\t\t\t\t\t<\/div>\n\t\t<\/div>\n\t\t\t\t<div class=\"elementor-column elementor-col-50 elementor-top-column elementor-element elementor-element-38f8edd\" data-id=\"38f8edd\" data-element_type=\"column\" data-e-type=\"column\">\n\t\t\t<div class=\"elementor-widget-wrap elementor-element-populated\">\n\t\t\t\t\t\t<div class=\"elementor-element elementor-element-824cf72 elementor-widget elementor-widget-heading\" data-id=\"824cf72\" data-element_type=\"widget\" data-e-type=\"widget\" data-widget_type=\"heading.default\">\n\t\t\t\t<div class=\"elementor-widget-container\">\n\t\t\t\t\t<h2 class=\"elementor-heading-title elementor-size-default\">Storage &amp; Handling<\/h2>\t\t\t\t<\/div>\n\t\t\t\t<\/div>\n\t\t\t\t<div class=\"elementor-element elementor-element-2574c33 elementor-widget elementor-widget-text-editor\" data-id=\"2574c33\" data-element_type=\"widget\" data-e-type=\"widget\" data-widget_type=\"text-editor.default\">\n\t\t\t\t<div class=\"elementor-widget-container\">\n\t\t\t\t\t\t\t\t\t<p>Solu\u00e7\u00f5es para armazenagem e movimenta\u00e7\u00e3o de materiais para Ind\u00fastria e Log\u00edstica.<br \/>Incorpora\u00e7\u00e3o de Tecnologia, Automa\u00e7\u00e3o, Flexibilidade e Escalabilidade.<\/p>\t\t\t\t\t\t\t\t<\/div>\n\t\t\t\t<\/div>\n\t\t\t\t\t<\/div>\n\t\t<\/div>\n\t\t\t\t\t<\/div>\n\t\t<\/section>\n\t\t\t\t<section class=\"elementor-section elementor-top-section elementor-element elementor-element-8fd1f14 elementor-section-boxed elementor-section-height-default elementor-section-height-default\" data-id=\"8fd1f14\" data-element_type=\"section\" data-e-type=\"section\">\n\t\t\t\t\t\t<div class=\"elementor-container elementor-column-gap-default\">\n\t\t\t\t\t<div class=\"elementor-column elementor-col-100 elementor-top-column elementor-element elementor-element-b898a1f\" data-id=\"b898a1f\" data-element_type=\"column\" data-e-type=\"column\">\n\t\t\t<div class=\"elementor-widget-wrap elementor-element-populated\">\n\t\t\t\t\t\t<div class=\"elementor-element elementor-element-9723b54 elementor-widget elementor-widget-image\" data-id=\"9723b54\" data-element_type=\"widget\" data-e-type=\"widget\" data-widget_type=\"image.default\">\n\t\t\t\t<div class=\"elementor-widget-container\">\n\t\t\t\t\t\t\t\t\t\t\t\t\t\t\t<img loading=\"lazy\" decoding=\"async\" width=\"1134\" height=\"451\" src=\"http:\/\/3clinkgroup.com\/portugues\/wp-content\/uploads\/2023\/05\/Sin-titulo-1.jpg\" class=\"attachment-full size-full wp-image-549\" alt=\"\" srcset=\"http:\/\/3clinkgroup.com\/portugues\/wp-content\/uploads\/2023\/05\/Sin-titulo-1.jpg 1134w, http:\/\/3clinkgroup.com\/portugues\/wp-content\/uploads\/2023\/05\/Sin-titulo-1-300x119.jpg 300w, http:\/\/3clinkgroup.com\/portugues\/wp-content\/uploads\/2023\/05\/Sin-titulo-1-1024x407.jpg 1024w, http:\/\/3clinkgroup.com\/portugues\/wp-content\/uploads\/2023\/05\/Sin-titulo-1-768x305.jpg 768w\" sizes=\"(max-width: 1134px) 100vw, 1134px\" \/>\t\t\t\t\t\t\t\t\t\t\t\t\t\t\t<\/div>\n\t\t\t\t<\/div>\n\t\t\t\t\t<\/div>\n\t\t<\/div>\n\t\t\t\t\t<\/div>\n\t\t<\/section>\n\t\t\t\t<\/div>\n\t\t","protected":false},"excerpt":{"rendered":"<p>Sales &#038; Operations Planning Previs\u00e3o de Demanda \u2013 Planejamento de Suprimentos Ferramenta colaborativa para direcionar os processos de planejamento das empresas (Sales &amp; Operations Planning).Previs\u00e3o de demanda. Planejamento de Estoque. Defini\u00e7\u00e3o de compras e\/ou planos de produ\u00e7\u00e3o Supply Chain Digitization Com\u00e9rcio Exterior Plataforma digital de Rastreabilidade, Visibilidade, Seguran\u00e7a e Colabora\u00e7\u00e3o para opera\u00e7\u00f5es de Importa\u00e7\u00e3o e [&hellip;]<\/p>\n","protected":false},"author":2,"featured_media":0,"parent":0,"menu_order":0,"comment_status":"closed","ping_status":"closed","template":"elementor_header_footer","meta":{"footnotes":""},"class_list":["post-258","page","type-page","status-publish","hentry"],"aioseo_notices":[],"_links":{"self":[{"href":"http:\/\/3clinkgroup.com\/portugues\/wp-json\/wp\/v2\/pages\/258","targetHints":{"allow":["GET"]}}],"collection":[{"href":"http:\/\/3clinkgroup.com\/portugues\/wp-json\/wp\/v2\/pages"}],"about":[{"href":"http:\/\/3clinkgroup.com\/portugues\/wp-json\/wp\/v2\/types\/page"}],"author":[{"embeddable":true,"href":"http:\/\/3clinkgroup.com\/portugues\/wp-json\/wp\/v2\/users\/2"}],"replies":[{"embeddable":true,"href":"http:\/\/3clinkgroup.com\/portugues\/wp-json\/wp\/v2\/comments?post=258"}],"version-history":[{"count":56,"href":"http:\/\/3clinkgroup.com\/portugues\/wp-json\/wp\/v2\/pages\/258\/revisions"}],"predecessor-version":[{"id":641,"href":"http:\/\/3clinkgroup.com\/portugues\/wp-json\/wp\/v2\/pages\/258\/revisions\/641"}],"wp:attachment":[{"href":"http:\/\/3clinkgroup.com\/portugues\/wp-json\/wp\/v2\/media?parent=258"}],"curies":[{"name":"wp","href":"https:\/\/api.w.org\/{rel}","templated":true}]}}